{"id":578,"date":"2020-08-11T18:32:49","date_gmt":"2020-08-11T16:32:49","guid":{"rendered":"https:\/\/transmitit.pl\/?page_id=578"},"modified":"2020-09-01T15:09:37","modified_gmt":"2020-09-01T13:09:37","slug":"efrrow","status":"publish","type":"page","link":"https:\/\/transmitit.pl\/?page_id=578","title":{"rendered":"EFRROW"},"content":{"rendered":"\t\t<div data-elementor-type=\"wp-page\" data-elementor-id=\"578\" class=\"elementor elementor-578\">\n\t\t\t\t\t\t<section class=\"elementor-section elementor-top-section elementor-element elementor-element-a896be7 elementor-section-boxed elementor-section-height-default elementor-section-height-default\" data-id=\"a896be7\" data-element_type=\"section\">\n\t\t\t\t\t\t<div class=\"elementor-container elementor-column-gap-default\">\n\t\t\t\t\t<div class=\"elementor-column elementor-col-33 elementor-top-column elementor-element elementor-element-bd0cb50\" data-id=\"bd0cb50\" data-element_type=\"column\">\n\t\t\t<div class=\"elementor-widget-wrap elementor-element-populated\">\n\t\t\t\t\t\t<div class=\"elementor-element elementor-element-bd41c9b elementor-widget elementor-widget-image\" data-id=\"bd41c9b\" data-element_type=\"widget\" data-widget_type=\"image.default\">\n\t\t\t\t<div class=\"elementor-widget-container\">\n\t\t\t\t\t\t\t\t\t\t\t\t\t<img fetchpriority=\"high\" decoding=\"async\" width=\"600\" height=\"401\" src=\"https:\/\/transmitit.pl\/wp-content\/uploads\/2020\/08\/flag_yellow_low.jpg\" class=\"attachment-full size-full wp-image-581\" alt=\"\" srcset=\"https:\/\/transmitit.pl\/wp-content\/uploads\/2020\/08\/flag_yellow_low.jpg 600w, https:\/\/transmitit.pl\/wp-content\/uploads\/2020\/08\/flag_yellow_low-300x201.jpg 300w\" sizes=\"(max-width: 600px) 100vw, 600px\" \/>\t\t\t\t\t\t\t\t\t\t\t\t\t<\/div>\n\t\t\t\t<\/div>\n\t\t\t\t\t<\/div>\n\t\t<\/div>\n\t\t\t\t<div class=\"elementor-column elementor-col-33 elementor-top-column elementor-element elementor-element-8d4173c\" data-id=\"8d4173c\" data-element_type=\"column\">\n\t\t\t<div class=\"elementor-widget-wrap elementor-element-populated\">\n\t\t\t\t\t\t<div class=\"elementor-element elementor-element-6fee0e5 elementor-widget elementor-widget-image\" data-id=\"6fee0e5\" data-element_type=\"widget\" data-widget_type=\"image.default\">\n\t\t\t\t<div class=\"elementor-widget-container\">\n\t\t\t\t\t\t\t\t\t\t\t\t\t<img decoding=\"async\" width=\"258\" height=\"253\" src=\"https:\/\/transmitit.pl\/wp-content\/uploads\/2020\/08\/Leader.png\" class=\"attachment-large size-large wp-image-582\" alt=\"\" \/>\t\t\t\t\t\t\t\t\t\t\t\t\t<\/div>\n\t\t\t\t<\/div>\n\t\t\t\t\t<\/div>\n\t\t<\/div>\n\t\t\t\t<div class=\"elementor-column elementor-col-33 elementor-top-column elementor-element elementor-element-4557a61\" data-id=\"4557a61\" data-element_type=\"column\">\n\t\t\t<div class=\"elementor-widget-wrap elementor-element-populated\">\n\t\t\t\t\t\t<div class=\"elementor-element elementor-element-a4a7113 elementor-widget elementor-widget-image\" data-id=\"a4a7113\" data-element_type=\"widget\" data-widget_type=\"image.default\">\n\t\t\t\t<div class=\"elementor-widget-container\">\n\t\t\t\t\t\t\t\t\t\t\t\t\t<img decoding=\"async\" width=\"580\" height=\"379\" src=\"https:\/\/transmitit.pl\/wp-content\/uploads\/2020\/08\/PROW-2014-2020-logo-kolor-1024x670.jpg\" class=\"attachment-large size-large wp-image-583\" alt=\"\" srcset=\"https:\/\/transmitit.pl\/wp-content\/uploads\/2020\/08\/PROW-2014-2020-logo-kolor-1024x670.jpg 1024w, https:\/\/transmitit.pl\/wp-content\/uploads\/2020\/08\/PROW-2014-2020-logo-kolor-300x196.jpg 300w, https:\/\/transmitit.pl\/wp-content\/uploads\/2020\/08\/PROW-2014-2020-logo-kolor-768x503.jpg 768w, https:\/\/transmitit.pl\/wp-content\/uploads\/2020\/08\/PROW-2014-2020-logo-kolor.jpg 1059w\" sizes=\"(max-width: 580px) 100vw, 580px\" \/>\t\t\t\t\t\t\t\t\t\t\t\t\t<\/div>\n\t\t\t\t<\/div>\n\t\t\t\t\t<\/div>\n\t\t<\/div>\n\t\t\t\t\t<\/div>\n\t\t<\/section>\n\t\t\t\t<section class=\"elementor-section elementor-top-section elementor-element elementor-element-aad40d5 elementor-section-boxed elementor-section-height-default elementor-section-height-default\" data-id=\"aad40d5\" data-element_type=\"section\">\n\t\t\t\t\t\t<div class=\"elementor-container elementor-column-gap-default\">\n\t\t\t\t\t<div class=\"elementor-column elementor-col-100 elementor-top-column elementor-element elementor-element-1d778c1\" data-id=\"1d778c1\" data-element_type=\"column\">\n\t\t\t<div class=\"elementor-widget-wrap elementor-element-populated\">\n\t\t\t\t\t\t<div class=\"elementor-element elementor-element-8cd87c7 elementor-widget elementor-widget-heading\" data-id=\"8cd87c7\" data-element_type=\"widget\" data-widget_type=\"heading.default\">\n\t\t\t\t<div class=\"elementor-widget-container\">\n\t\t\t<h2 class=\"elementor-heading-title elementor-size-default\">\"Europejski Fundusz Rolny na rzecz Rozwoju Obszar\u00f3w Wiejskich:<br>Europa inwestuj\u0105ca w obszary wiejskie\"<\/h2>\t\t<\/div>\n\t\t\t\t<\/div>\n\t\t\t\t<div class=\"elementor-element elementor-element-002d7fb elementor-widget elementor-widget-heading\" data-id=\"002d7fb\" data-element_type=\"widget\" data-widget_type=\"heading.default\">\n\t\t\t\t<div class=\"elementor-widget-container\">\n\t\t\t<h2 class=\"elementor-heading-title elementor-size-default\">Poddzia\u0142anie 19.2 Wsparcie na wdra\u017canie operacji w ramach strategii rozwoju lokalnego kierowanego przez spo\u0142eczno\u015b\u0107<\/h2>\t\t<\/div>\n\t\t\t\t<\/div>\n\t\t\t\t\t<\/div>\n\t\t<\/div>\n\t\t\t\t\t<\/div>\n\t\t<\/section>\n\t\t\t\t<section class=\"elementor-section elementor-top-section elementor-element elementor-element-cdac868 elementor-section-boxed elementor-section-height-default elementor-section-height-default\" data-id=\"cdac868\" data-element_type=\"section\">\n\t\t\t\t\t\t<div class=\"elementor-container elementor-column-gap-default\">\n\t\t\t\t\t<div class=\"elementor-column elementor-col-50 elementor-top-column elementor-element elementor-element-c3f39c1\" data-id=\"c3f39c1\" data-element_type=\"column\">\n\t\t\t<div class=\"elementor-widget-wrap elementor-element-populated\">\n\t\t\t\t\t\t<div class=\"elementor-element elementor-element-8dce543 elementor-widget elementor-widget-heading\" data-id=\"8dce543\" data-element_type=\"widget\" data-widget_type=\"heading.default\">\n\t\t\t\t<div class=\"elementor-widget-container\">\n\t\t\t<h2 class=\"elementor-heading-title elementor-size-default\">Nazwa operacji:<\/h2>\t\t<\/div>\n\t\t\t\t<\/div>\n\t\t\t\t<div class=\"elementor-element elementor-element-61663e2 elementor-widget elementor-widget-heading\" data-id=\"61663e2\" data-element_type=\"widget\" data-widget_type=\"heading.default\">\n\t\t\t\t<div class=\"elementor-widget-container\">\n\t\t\t<h2 class=\"elementor-heading-title elementor-size-default\">Cel operacji:<\/h2>\t\t<\/div>\n\t\t\t\t<\/div>\n\t\t\t\t<div class=\"elementor-element elementor-element-d94fb9a elementor-widget elementor-widget-heading\" data-id=\"d94fb9a\" data-element_type=\"widget\" data-widget_type=\"heading.default\">\n\t\t\t\t<div class=\"elementor-widget-container\">\n\t\t\t<h2 class=\"elementor-heading-title elementor-size-default\">Opis operacji:<\/h2>\t\t<\/div>\n\t\t\t\t<\/div>\n\t\t\t\t\t<\/div>\n\t\t<\/div>\n\t\t\t\t<div class=\"elementor-column elementor-col-50 elementor-top-column elementor-element elementor-element-a62ae35\" data-id=\"a62ae35\" data-element_type=\"column\">\n\t\t\t<div class=\"elementor-widget-wrap elementor-element-populated\">\n\t\t\t\t\t\t<div class=\"elementor-element elementor-element-33b20ea elementor-widget elementor-widget-text-editor\" data-id=\"33b20ea\" data-element_type=\"widget\" data-widget_type=\"text-editor.default\">\n\t\t\t\t<div class=\"elementor-widget-container\">\n\t\t\t\t\t\t\t<p>Podj\u0119cie dzia\u0142alno\u015bci gospodarczej w zakresie realizacji wizji i streamingu online<\/p>\t\t\t\t\t\t<\/div>\n\t\t\t\t<\/div>\n\t\t\t\t<div class=\"elementor-element elementor-element-f7fc06e elementor-widget elementor-widget-text-editor\" data-id=\"f7fc06e\" data-element_type=\"widget\" data-widget_type=\"text-editor.default\">\n\t\t\t\t<div class=\"elementor-widget-container\">\n\t\t\t\t\t\t\t<p>Podj\u0119cie dzia\u0142alno\u015bci gospodarczej, \u015bwiadczenie us\u0142ugi realizacji wizji m. in. w jako\u015bci 4kUltraHD, utworzenie dw\u00f3ch pe\u0142nych etat\u00f3w \u015bredniorocznie, pozyskanie i utrzymanie stabilnej pozycji na rynku.<\/p>\t\t\t\t\t\t<\/div>\n\t\t\t\t<\/div>\n\t\t\t\t<div class=\"elementor-element elementor-element-165549f elementor-widget elementor-widget-text-editor\" data-id=\"165549f\" data-element_type=\"widget\" data-widget_type=\"text-editor.default\">\n\t\t\t\t<div class=\"elementor-widget-container\">\n\t\t\t\t\t\t\t<p>Operacja zak\u0142ada podj\u0119cie dzia\u0142alno\u015bci gospodarczej we w\u0142asnym imieniu w zakresie realizacji wizji czyli wszystkiego, co jest zwi\u0105zane z przechwytywaniem, konwertowaniem, przesy\u0142aniem, miksowaniem, przetwarzaniem i dystrybuowaniem obrazu. Ponadto zak\u0142ada ona r\u00f3wnie\u017c zapewnienie 5 stanowisk pracy, w tym dla osoby z grupy defaworyzowanej, przeliczalnych na 2 etaty \u015bredniorocznie. Operacja ta b\u0119dzie mo\u017cliwa do zrealizowania poprzez zakup planowanego zestawu transmisyjnego, pozwalaj\u0105cego na kompleksowe \u015bwiadczenie us\u0142ug z zakresu realizacji wizji, co, wraz z dzia\u0142aniam marketingowymi, prze\u0142o\u017cy si\u0119 na uzyskanie stablinej pozycji na rynku.<\/p>\t\t\t\t\t\t<\/div>\n\t\t\t\t<\/div>\n\t\t\t\t\t<\/div>\n\t\t<\/div>\n\t\t\t\t\t<\/div>\n\t\t<\/section>\n\t\t\t\t<\/div>\n\t\t","protected":false},"excerpt":{"rendered":"<p>&#8222;Europejski Fundusz Rolny na rzecz Rozwoju Obszar\u00f3w Wiejskich:Europa inwestuj\u0105ca w obszary wiejskie&#8221; Poddzia\u0142anie 19.2 Wsparcie na wdra\u017canie operacji w ramach strategii rozwoju lokalnego kierowanego przez spo\u0142eczno\u015b\u0107 Nazwa operacji: Cel operacji: Opis operacji: Podj\u0119cie dzia\u0142alno\u015bci gospodarczej w zakresie realizacji wizji i streamingu online Podj\u0119cie dzia\u0142alno\u015bci gospodarczej, \u015bwiadczenie us\u0142ugi realizacji wizji m. in. w jako\u015bci 4kUltraHD, utworzenie [&hellip;]<\/p>\n","protected":false},"author":2,"featured_media":0,"parent":0,"menu_order":0,"comment_status":"closed","ping_status":"closed","template":"elementor_canvas","meta":{"footnotes":""},"class_list":["post-578","page","type-page","status-publish","hentry"],"_links":{"self":[{"href":"https:\/\/transmitit.pl\/index.php?rest_route=\/wp\/v2\/pages\/578"}],"collection":[{"href":"https:\/\/transmitit.pl\/index.php?rest_route=\/wp\/v2\/pages"}],"about":[{"href":"https:\/\/transmitit.pl\/index.php?rest_route=\/wp\/v2\/types\/page"}],"author":[{"embeddable":true,"href":"https:\/\/transmitit.pl\/index.php?rest_route=\/wp\/v2\/users\/2"}],"replies":[{"embeddable":true,"href":"https:\/\/transmitit.pl\/index.php?rest_route=%2Fwp%2Fv2%2Fcomments&post=578"}],"version-history":[{"count":4,"href":"https:\/\/transmitit.pl\/index.php?rest_route=\/wp\/v2\/pages\/578\/revisions"}],"predecessor-version":[{"id":863,"href":"https:\/\/transmitit.pl\/index.php?rest_route=\/wp\/v2\/pages\/578\/revisions\/863"}],"wp:attachment":[{"href":"https:\/\/transmitit.pl\/index.php?rest_route=%2Fwp%2Fv2%2Fmedia&parent=578"}],"curies":[{"name":"wp","href":"https:\/\/api.w.org\/{rel}","templated":true}]}}